{"id":2,"date":"2021-03-01T19:45:28","date_gmt":"2021-03-01T18:45:28","guid":{"rendered":"http:\/\/77ranch.fr\/?page_id=2"},"modified":"2021-06-23T23:23:21","modified_gmt":"2021-06-23T21:23:21","slug":"page-d-exemple","status":"publish","type":"page","link":"http:\/\/77ranch.fr\/","title":{"rendered":"Le 77 Ranch"},"content":{"rendered":"\n<p class=\"has-cyan-bluish-gray-color has-text-color\">Cr\u00e9\u00e9 en 2007, le 77 Ranch vous accueille \u00e0 20 minutes de Poitiers sur  2 sites d\u00e9di\u00e9s \u00e0 l&rsquo;Equitation Western pour votre confort et celui des chevaux. Individuels ou groupes, d\u00e9butants ou confirm\u00e9s, cavaliers de loisirs ou de comp\u00e9tition, chacun trouve sa place au sein de notre centre qui se veut convivial et professionnel. <\/p>\n\n\n\n<p class=\"has-cyan-bluish-gray-color has-text-color\">Un lieu de d\u00e9tente et d&rsquo;apprentissage aupr\u00e8s des chevaux et au coeur de la nature.<\/p>\n\n\n\n<p class=\"has-cyan-bluish-gray-color has-text-color\">Nous disposons de :<\/p>\n\n\n\n<ul><li>2 carri\u00e8res de 60m x 30m<\/li><li>1 round pen de 18m de diam\u00e8tre<\/li><li>17 boxes, douche, solarium<\/li><li>paddocks avec abris de prairies<\/li><li>club house avec douches et sanitaires <\/li><li>1 Horse Park pour la pratique du Mountain Trail avec 24 activit\u00e9s<\/li><li>35 ha de prairies<\/li><\/ul>\n\n\n\n<p class=\"has-cyan-bluish-gray-color has-text-color\">Notre cavalerie se compose d&rsquo;une vingtaine de chevaux quarters, paints, appaloosas parfaitement \u00e9duqu\u00e9s et adapt\u00e9s \u00e0 votre niveau : du cheval de d\u00e9butant au cheval  de reining de show.<\/p>\n\n\n\n<p class=\"has-cyan-bluish-gray-color has-text-color\">Nos objectifs, promouvoir l\u2019EW au-del\u00e0 des techniques \u00e9questres, c\u2019est \u00e0 dire partager ses valeurs, ses principes qui aident chaque jour \u00e0 devenir meilleur.<\/p>\n\n\n\n<figure class=\"wp-block-gallery columns-4\"><ul class=\"blocks-gallery-grid\"><li class=\"blocks-gallery-item\"><figure><img loading=\"lazy\" width=\"898\" height=\"600\" src=\"http:\/\/77ranch.fr\/wp-content\/uploads\/2021\/06\/55453639_2077921245590221_2235994600323940352_n.jpg\" alt=\"\" data-id=\"92\" data-full-url=\"http:\/\/77ranch.fr\/wp-content\/uploads\/2021\/06\/55453639_2077921245590221_2235994600323940352_n.jpg\" data-link=\"http:\/\/77ranch.fr\/?attachment_id=92#main\" class=\"wp-image-92\" srcset=\"http:\/\/77ranch.fr\/wp-content\/uploads\/2021\/06\/55453639_2077921245590221_2235994600323940352_n.jpg 898w, http:\/\/77ranch.fr\/wp-content\/uploads\/2021\/06\/55453639_2077921245590221_2235994600323940352_n-300x200.jpg 300w, http:\/\/77ranch.fr\/wp-content\/uploads\/2021\/06\/55453639_2077921245590221_2235994600323940352_n-768x513.jpg 768w\" sizes=\"(max-width: 898px) 100vw, 898px\" \/><\/figure><\/li><li class=\"blocks-gallery-item\"><figure><img loading=\"lazy\" width=\"912\" height=\"417\" src=\"http:\/\/77ranch.fr\/wp-content\/uploads\/2021\/06\/bat4.jpg\" alt=\"\" data-id=\"127\" data-full-url=\"http:\/\/77ranch.fr\/wp-content\/uploads\/2021\/06\/bat4.jpg\" data-link=\"http:\/\/77ranch.fr\/?attachment_id=127#main\" class=\"wp-image-127\" srcset=\"http:\/\/77ranch.fr\/wp-content\/uploads\/2021\/06\/bat4.jpg 912w, http:\/\/77ranch.fr\/wp-content\/uploads\/2021\/06\/bat4-300x137.jpg 300w, http:\/\/77ranch.fr\/wp-content\/uploads\/2021\/06\/bat4-768x351.jpg 768w\" sizes=\"(max-width: 912px) 100vw, 912px\" \/><\/figure><\/li><li class=\"blocks-gallery-item\"><figure><img loading=\"lazy\" width=\"917\" height=\"474\" src=\"http:\/\/77ranch.fr\/wp-content\/uploads\/2021\/06\/entreechaum.jpg\" alt=\"\" data-id=\"115\" data-full-url=\"http:\/\/77ranch.fr\/wp-content\/uploads\/2021\/06\/entreechaum.jpg\" data-link=\"http:\/\/77ranch.fr\/?attachment_id=115#main\" class=\"wp-image-115\" srcset=\"http:\/\/77ranch.fr\/wp-content\/uploads\/2021\/06\/entreechaum.jpg 917w, http:\/\/77ranch.fr\/wp-content\/uploads\/2021\/06\/entreechaum-300x155.jpg 300w, http:\/\/77ranch.fr\/wp-content\/uploads\/2021\/06\/entreechaum-768x397.jpg 768w\" sizes=\"(max-width: 917px) 100vw, 917px\" \/><\/figure><\/li><li class=\"blocks-gallery-item\"><figure><img loading=\"lazy\" width=\"2560\" height=\"1702\" src=\"http:\/\/77ranch.fr\/wp-content\/uploads\/2021\/06\/DSC_0142-scaled.jpg\" alt=\"\" data-id=\"124\" data-full-url=\"http:\/\/77ranch.fr\/wp-content\/uploads\/2021\/06\/DSC_0142-scaled.jpg\" data-link=\"http:\/\/77ranch.fr\/?attachment_id=124#main\" class=\"wp-image-124\" srcset=\"http:\/\/77ranch.fr\/wp-content\/uploads\/2021\/06\/DSC_0142-scaled.jpg 2560w, http:\/\/77ranch.fr\/wp-content\/uploads\/2021\/06\/DSC_0142-300x199.jpg 300w, http:\/\/77ranch.fr\/wp-content\/uploads\/2021\/06\/DSC_0142-1024x681.jpg 1024w, http:\/\/77ranch.fr\/wp-content\/uploads\/2021\/06\/DSC_0142-768x511.jpg 768w, http:\/\/77ranch.fr\/wp-content\/uploads\/2021\/06\/DSC_0142-1536x1021.jpg 1536w, http:\/\/77ranch.fr\/wp-content\/uploads\/2021\/06\/DSC_0142-2048x1362.jpg 2048w\" sizes=\"(max-width: 2560px) 100vw, 2560px\" \/><\/figure><\/li><\/ul><\/figure>\n","protected":false},"excerpt":{"rendered":"<p>Cr\u00e9\u00e9 en 2007, le 77 Ranch vous accueille \u00e0 20 minutes de Poitiers sur 2 sites d\u00e9di\u00e9s \u00e0 l&rsquo;Equitation Western pour votre confort et celui des chevaux. Individuels ou groupes, d\u00e9butants ou confirm\u00e9s, cavaliers de loisirs ou de comp\u00e9tition, chacun trouve sa place au sein de notre centre qui se veut convivial et professionnel. Un &#8230; <a title=\"Le 77 Ranch\" class=\"read-more\" href=\"http:\/\/77ranch.fr\/\">Read more<span class=\"screen-reader-text\">Le 77 Ranch<\/span><\/a><\/p>\n","protected":false},"author":1,"featured_media":0,"parent":0,"menu_order":0,"comment_status":"closed","ping_status":"open","template":"","meta":[],"_links":{"self":[{"href":"http:\/\/77ranch.fr\/index.php?rest_route=\/wp\/v2\/pages\/2"}],"collection":[{"href":"http:\/\/77ranch.fr\/index.php?rest_route=\/wp\/v2\/pages"}],"about":[{"href":"http:\/\/77ranch.fr\/index.php?rest_route=\/wp\/v2\/types\/page"}],"author":[{"embeddable":true,"href":"http:\/\/77ranch.fr\/index.php?rest_route=\/wp\/v2\/users\/1"}],"replies":[{"embeddable":true,"href":"http:\/\/77ranch.fr\/index.php?rest_route=%2Fwp%2Fv2%2Fcomments&post=2"}],"version-history":[{"count":17,"href":"http:\/\/77ranch.fr\/index.php?rest_route=\/wp\/v2\/pages\/2\/revisions"}],"predecessor-version":[{"id":267,"href":"http:\/\/77ranch.fr\/index.php?rest_route=\/wp\/v2\/pages\/2\/revisions\/267"}],"wp:attachment":[{"href":"http:\/\/77ranch.fr\/index.php?rest_route=%2Fwp%2Fv2%2Fmedia&parent=2"}],"curies":[{"name":"wp","href":"https:\/\/api.w.org\/{rel}","templated":true}]}}