{"id":16,"date":"2021-06-01T08:17:33","date_gmt":"2021-06-01T06:17:33","guid":{"rendered":"http:\/\/77ranch.fr\/?page_id=16"},"modified":"2021-06-07T00:16:23","modified_gmt":"2021-06-06T22:16:23","slug":"activites","status":"publish","type":"page","link":"http:\/\/77ranch.fr\/?page_id=16","title":{"rendered":"Contact"},"content":{"rendered":"\n<p class=\"has-white-color has-text-color\"><strong>Kalinka Terroba <\/strong><\/p>\n\n\n\n<p class=\"has-cyan-bluish-gray-color has-text-color\">Adresse: 9 La Touche, 86300 Sainte-Radegonde<\/p>\n\n\n\n<p class=\"has-white-color has-text-color\"><strong>T\u00e9l\u00e9phone: 06 20 64 75 93<\/strong><\/p>\n\n\n\n<p class=\"has-cyan-bluish-gray-color has-text-color\"> (nous sommes en zone blanche, laissez-nous un message si nous ne captons pas pour vous r\u00e9pondre)<\/p>\n\n\n\n<p class=\"has-white-color has-text-color\"><strong>Mail: 77ranch@free.fr<\/strong><\/p>\n","protected":false},"excerpt":{"rendered":"<p>Kalinka Terroba Adresse: 9 La Touche, 86300 Sainte-Radegonde T\u00e9l\u00e9phone: 06 20 64 75 93 (nous sommes en zone blanche, laissez-nous un message si nous ne captons pas pour vous r\u00e9pondre) Mail: 77ranch@free.fr<\/p>\n","protected":false},"author":1,"featured_media":0,"parent":0,"menu_order":0,"comment_status":"closed","ping_status":"closed","template":"","meta":[],"_links":{"self":[{"href":"http:\/\/77ranch.fr\/index.php?rest_route=\/wp\/v2\/pages\/16"}],"collection":[{"href":"http:\/\/77ranch.fr\/index.php?rest_route=\/wp\/v2\/pages"}],"about":[{"href":"http:\/\/77ranch.fr\/index.php?rest_route=\/wp\/v2\/types\/page"}],"author":[{"embeddable":true,"href":"http:\/\/77ranch.fr\/index.php?rest_route=\/wp\/v2\/users\/1"}],"replies":[{"embeddable":true,"href":"http:\/\/77ranch.fr\/index.php?rest_route=%2Fwp%2Fv2%2Fcomments&post=16"}],"version-history":[{"count":9,"href":"http:\/\/77ranch.fr\/index.php?rest_route=\/wp\/v2\/pages\/16\/revisions"}],"predecessor-version":[{"id":261,"href":"http:\/\/77ranch.fr\/index.php?rest_route=\/wp\/v2\/pages\/16\/revisions\/261"}],"wp:attachment":[{"href":"http:\/\/77ranch.fr\/index.php?rest_route=%2Fwp%2Fv2%2Fmedia&parent=16"}],"curies":[{"name":"wp","href":"https:\/\/api.w.org\/{rel}","templated":true}]}}