{"id":14,"date":"2021-06-01T08:17:15","date_gmt":"2021-06-01T06:17:15","guid":{"rendered":"http:\/\/77ranch.fr\/?page_id=14"},"modified":"2023-02-09T21:36:01","modified_gmt":"2023-02-09T20:36:01","slug":"tarifs","status":"publish","type":"page","link":"http:\/\/77ranch.fr\/?page_id=14","title":{"rendered":"Tarifs"},"content":{"rendered":"\n<p class=\"has-cyan-bluish-gray-color has-text-color\">Licence FFE <strong>36\u20ac<\/strong> &#8211; <strong>25\u20ac<\/strong> pour les moins de 18 ans<\/p>\n\n\n\n<p class=\"has-cyan-bluish-gray-color has-text-color\">&nbsp;<strong><u>Enseignement&nbsp;:<\/u><\/strong><\/p>\n\n\n\n<figure class=\"wp-block-table\"><table><tbody><tr><td><strong>Cotisation Association&nbsp;(1 an)<\/strong><\/td><td><strong>50\u20ac<\/strong><\/td><\/tr><tr><td><strong>Cours 1 heure<\/strong><\/td><td><strong>22\u20ac<\/strong><\/td><\/tr><tr><td><strong>Carnet 5 heures<\/strong><\/td><td><strong>110\u20ac<\/strong><\/td><\/tr><tr><td><strong>Carnet 10 heures<\/strong><\/td><td><strong>220\u20ac<\/strong><\/td><\/tr><tr><td><strong>Initiation&nbsp;<\/strong><\/td><td><strong>50\u20ac<\/strong><\/td><\/tr><tr><td><strong>Cours Technique \u00ab&nbsp;Reining&nbsp;\u00bb sur cheval de show<\/strong><\/td><td><strong>45\u20ac<\/strong><\/td><\/tr><tr><td><strong>Cours sans cotisation&nbsp;<\/strong>(l\u2019heure)<\/td><td><strong>25\u20ac<\/strong><\/td><\/tr><tr><td><strong>Balades<\/strong> (sur rendez-vous, min 2 personnes)<\/td><td><strong>25\u20ac\/h<\/strong><\/td><\/tr><tr><td><\/td><td><\/td><\/tr><\/tbody><\/table><\/figure>\n\n\n\n<p class=\"has-cyan-bluish-gray-color has-text-color\"><em>TVA \u00e0 20%, &nbsp;prix affich\u00e9s&nbsp;TTC.<\/em><\/p>\n\n\n\n<p class=\"has-cyan-bluish-gray-color has-text-color\"><strong><strong><u>Stages et S\u00e9jours Groupes<\/u><\/strong>: sur devis selon la prestation souhait\u00e9e<\/strong><\/p>\n\n\n\n<p class=\"has-cyan-bluish-gray-color has-text-color\"><strong><u>Pensions&nbsp;:<\/u><\/strong><\/p>\n\n\n\n<figure class=\"wp-block-table\"><table><tbody><tr><td><strong>Pension Travail<\/strong><\/td><td><strong>540\u20ac <\/strong> Programme \u00e0 d\u00e9terminer avec le propri\u00e9taire<\/td><\/tr><tr><td><strong>Pension (mois)<\/strong><\/td><td><strong>270\u20ac<\/strong><\/td><\/tr><tr><td><strong>Pension (jour)<\/strong><\/td><td><strong>15\u20ac<\/strong><\/td><\/tr><tr><td><strong>Pension D\u00e9bourrage<\/strong><\/td><td><strong>540\u20ac<\/strong><\/td><\/tr><tr><td><strong>Pension Pr\u00e9-D\u00e9bourrage<\/strong><\/td><td><strong>450\u20ac&nbsp; <\/strong><strong>(<\/strong>Travail \u00e0 pied, en libert\u00e9, d\u00e9sensibilisation \u00e0 la selle pour jeunes chevaux manipul\u00e9s.)<\/td><\/tr><tr><td><strong>Pension R\u00e9\/\u00c9ducation<\/strong><\/td><td><strong>390\u20ac<\/strong> \/ mois ou <strong>130\u20ac\/<\/strong>semaine<\/td><\/tr><\/tbody><\/table><\/figure>\n\n\n\n<p class=\"has-cyan-bluish-gray-color has-text-color\"><em>Les chevaux au box sont sortis plusieurs heures par jour, 7 jours sur 7.<\/em><\/p>\n\n\n\n<p class=\"has-cyan-bluish-gray-color has-text-color\"><em>Les chevaux \u00e0 l\u2019entra\u00eenement sont travaill\u00e9s 5 jours par semaine.<\/em> <em>Alimentation : 2 repas de floconn\u00e9s et 2 repas de foin, sorties \u00e0 l&rsquo;herbe \u00e0 la belle saison. Les crottins sont retir\u00e9s des boxes chaque jour, paill\u00e9s au besoin, cur\u00e9s \u00e0 blanc 1 fois par semaine<\/em><\/p>\n","protected":false},"excerpt":{"rendered":"<p>Licence FFE 36\u20ac &#8211; 25\u20ac pour les moins de 18 ans &nbsp;Enseignement&nbsp;: Cotisation Association&nbsp;(1 an) 50\u20ac Cours 1 heure 22\u20ac Carnet 5 heures 110\u20ac Carnet 10 heures 220\u20ac Initiation&nbsp; 50\u20ac Cours Technique \u00ab&nbsp;Reining&nbsp;\u00bb sur cheval de show 45\u20ac Cours sans cotisation&nbsp;(l\u2019heure) 25\u20ac Balades (sur rendez-vous, min 2 personnes) 25\u20ac\/h TVA \u00e0 20%, &nbsp;prix affich\u00e9s&nbsp;TTC. Stages &#8230; <a title=\"Tarifs\" class=\"read-more\" href=\"http:\/\/77ranch.fr\/?page_id=14\">Read more<span class=\"screen-reader-text\">Tarifs<\/span><\/a><\/p>\n","protected":false},"author":1,"featured_media":0,"parent":0,"menu_order":0,"comment_status":"closed","ping_status":"closed","template":"","meta":[],"_links":{"self":[{"href":"http:\/\/77ranch.fr\/index.php?rest_route=\/wp\/v2\/pages\/14"}],"collection":[{"href":"http:\/\/77ranch.fr\/index.php?rest_route=\/wp\/v2\/pages"}],"about":[{"href":"http:\/\/77ranch.fr\/index.php?rest_route=\/wp\/v2\/types\/page"}],"author":[{"embeddable":true,"href":"http:\/\/77ranch.fr\/index.php?rest_route=\/wp\/v2\/users\/1"}],"replies":[{"embeddable":true,"href":"http:\/\/77ranch.fr\/index.php?rest_route=%2Fwp%2Fv2%2Fcomments&post=14"}],"version-history":[{"count":9,"href":"http:\/\/77ranch.fr\/index.php?rest_route=\/wp\/v2\/pages\/14\/revisions"}],"predecessor-version":[{"id":271,"href":"http:\/\/77ranch.fr\/index.php?rest_route=\/wp\/v2\/pages\/14\/revisions\/271"}],"wp:attachment":[{"href":"http:\/\/77ranch.fr\/index.php?rest_route=%2Fwp%2Fv2%2Fmedia&parent=14"}],"curies":[{"name":"wp","href":"https:\/\/api.w.org\/{rel}","templated":true}]}}