{"id":12,"date":"2021-06-01T08:16:35","date_gmt":"2021-06-01T06:16:35","guid":{"rendered":"http:\/\/77ranch.fr\/?page_id=12"},"modified":"2023-02-09T23:09:54","modified_gmt":"2023-02-09T22:09:54","slug":"contact","status":"publish","type":"page","link":"http:\/\/77ranch.fr\/?page_id=12","title":{"rendered":"Activit\u00e9s"},"content":{"rendered":"\n<p class=\"has-cyan-bluish-gray-color has-text-color\">Enseignement Equitation Western, du d\u00e9butant au confirm\u00e9, par BP JEPS EW. Les disciplines pratiqu\u00e9es au del\u00e0 des bases sont : reining, trail, mountain trail, showmanship et horsemanship<\/p>\n\n\n\n<p class=\"has-cyan-bluish-gray-color has-text-color\">Balades et randonn\u00e9es<\/p>\n\n\n\n<p class=\"has-cyan-bluish-gray-color has-text-color\">Entrainement loisir ou comp\u00e9tition<\/p>\n\n\n\n<p class=\"has-cyan-bluish-gray-color has-text-color\">D\u00e9bourrage, \u00e9ducation du jeune cheval ou r\u00e9\u00e9ducation du cheval incompris<\/p>\n\n\n\n<p class=\"has-cyan-bluish-gray-color has-text-color\">Pension (au mois ou pour quelques jours)<\/p>\n\n\n\n<p class=\"has-cyan-bluish-gray-color has-text-color\">Pension Soins (en cas de maladie ou blessure de votre cheval) + Th\u00e9rapie au Sel pour chevaux avec probl\u00e8mes respiratoires, cutan\u00e9s ou cicatrisation des plaies<\/p>\n\n\n\n<p class=\"has-cyan-bluish-gray-color has-text-color\">Accueil de groupes pendant les vacances scolaires pour centres de vacances, centres de loisirs, CER, CEF<\/p>\n\n\n\n<p class=\"has-cyan-bluish-gray-color has-text-color\">Journ\u00e9es coh\u00e9sion d&rsquo;\u00e9quipe, team building pour les entreprises et formation management<\/p>\n\n\n\n<figure class=\"wp-block-gallery columns-3\"><ul class=\"blocks-gallery-grid\"><li class=\"blocks-gallery-item\"><figure><img loading=\"lazy\" width=\"960\" height=\"639\" src=\"http:\/\/77ranch.fr\/wp-content\/uploads\/2021\/06\/11885307_872090036173354_6649334198541601865_n.jpg\" alt=\"\" data-id=\"23\" data-full-url=\"http:\/\/77ranch.fr\/wp-content\/uploads\/2021\/06\/11885307_872090036173354_6649334198541601865_n.jpg\" data-link=\"http:\/\/77ranch.fr\/?attachment_id=23\" class=\"wp-image-23\" srcset=\"http:\/\/77ranch.fr\/wp-content\/uploads\/2021\/06\/11885307_872090036173354_6649334198541601865_n.jpg 960w, http:\/\/77ranch.fr\/wp-content\/uploads\/2021\/06\/11885307_872090036173354_6649334198541601865_n-300x200.jpg 300w, http:\/\/77ranch.fr\/wp-content\/uploads\/2021\/06\/11885307_872090036173354_6649334198541601865_n-768x511.jpg 768w\" sizes=\"(max-width: 960px) 100vw, 960px\" \/><\/figure><\/li><li class=\"blocks-gallery-item\"><figure><img loading=\"lazy\" width=\"375\" height=\"670\" src=\"http:\/\/77ranch.fr\/wp-content\/uploads\/2021\/06\/balade.jpg\" alt=\"\" data-id=\"113\" data-full-url=\"http:\/\/77ranch.fr\/wp-content\/uploads\/2021\/06\/balade.jpg\" data-link=\"http:\/\/77ranch.fr\/?attachment_id=113#main\" class=\"wp-image-113\" srcset=\"http:\/\/77ranch.fr\/wp-content\/uploads\/2021\/06\/balade.jpg 375w, http:\/\/77ranch.fr\/wp-content\/uploads\/2021\/06\/balade-168x300.jpg 168w\" sizes=\"(max-width: 375px) 100vw, 375px\" \/><\/figure><\/li><li class=\"blocks-gallery-item\"><figure><img loading=\"lazy\" width=\"1024\" height=\"681\" src=\"http:\/\/77ranch.fr\/wp-content\/uploads\/2021\/06\/TOURS-2009-71.jpg\" alt=\"\" data-id=\"119\" data-full-url=\"http:\/\/77ranch.fr\/wp-content\/uploads\/2021\/06\/TOURS-2009-71.jpg\" data-link=\"http:\/\/77ranch.fr\/?attachment_id=119#main\" class=\"wp-image-119\" srcset=\"http:\/\/77ranch.fr\/wp-content\/uploads\/2021\/06\/TOURS-2009-71.jpg 1024w, http:\/\/77ranch.fr\/wp-content\/uploads\/2021\/06\/TOURS-2009-71-300x200.jpg 300w, http:\/\/77ranch.fr\/wp-content\/uploads\/2021\/06\/TOURS-2009-71-768x511.jpg 768w\" sizes=\"(max-width: 1024px) 100vw, 1024px\" \/><\/figure><\/li><\/ul><\/figure>\n","protected":false},"excerpt":{"rendered":"<p>Enseignement Equitation Western, du d\u00e9butant au confirm\u00e9, par BP JEPS EW. Les disciplines pratiqu\u00e9es au del\u00e0 des bases sont : reining, trail, mountain trail, showmanship et horsemanship Balades et randonn\u00e9es Entrainement loisir ou comp\u00e9tition D\u00e9bourrage, \u00e9ducation du jeune cheval ou r\u00e9\u00e9ducation du cheval incompris Pension (au mois ou pour quelques jours) Pension Soins (en cas &#8230; <a title=\"Activit\u00e9s\" class=\"read-more\" href=\"http:\/\/77ranch.fr\/?page_id=12\">Read more<span class=\"screen-reader-text\">Activit\u00e9s<\/span><\/a><\/p>\n","protected":false},"author":1,"featured_media":0,"parent":0,"menu_order":0,"comment_status":"closed","ping_status":"closed","template":"","meta":[],"_links":{"self":[{"href":"http:\/\/77ranch.fr\/index.php?rest_route=\/wp\/v2\/pages\/12"}],"collection":[{"href":"http:\/\/77ranch.fr\/index.php?rest_route=\/wp\/v2\/pages"}],"about":[{"href":"http:\/\/77ranch.fr\/index.php?rest_route=\/wp\/v2\/types\/page"}],"author":[{"embeddable":true,"href":"http:\/\/77ranch.fr\/index.php?rest_route=\/wp\/v2\/users\/1"}],"replies":[{"embeddable":true,"href":"http:\/\/77ranch.fr\/index.php?rest_route=%2Fwp%2Fv2%2Fcomments&post=12"}],"version-history":[{"count":19,"href":"http:\/\/77ranch.fr\/index.php?rest_route=\/wp\/v2\/pages\/12\/revisions"}],"predecessor-version":[{"id":292,"href":"http:\/\/77ranch.fr\/index.php?rest_route=\/wp\/v2\/pages\/12\/revisions\/292"}],"wp:attachment":[{"href":"http:\/\/77ranch.fr\/index.php?rest_route=%2Fwp%2Fv2%2Fmedia&parent=12"}],"curies":[{"name":"wp","href":"https:\/\/api.w.org\/{rel}","templated":true}]}}